{"id":16,"date":"2024-07-04T22:53:24","date_gmt":"2024-07-04T20:53:24","guid":{"rendered":"http:\/\/prepa-litteraire-chaptal.fr\/?page_id=16"},"modified":"2026-02-10T11:50:10","modified_gmt":"2026-02-10T10:50:10","slug":"accueil","status":"publish","type":"page","link":"https:\/\/prepa-litteraire-chaptal.fr\/","title":{"rendered":"Accueil"},"content":{"rendered":"\n<div class=\"wp-block-group alignfull has-white-background-color has-background is-layout-flow wp-block-group-is-layout-flow\">\n<div class=\"wp-block-columns alignwide is-layout-flex wp-container-core-columns-is-layout-9d6595d7 wp-block-columns-is-layout-flex\">\n<div class=\"wp-block-column is-layout-flow wp-block-column-is-layout-flow\">\n<p>Bienvenue sur le site de la classe pr\u00e9paratoire litt\u00e9raire du lyc\u00e9e Chaptal, \u00e0 Paris.<\/p>\n\n\n\n<h2 class=\"wp-block-heading\"><\/h2>\n\n\n\n<p>Si vous voulez en savoir plus sur la CPGE litt\u00e9raire du lyc\u00e9e Chaptal, n&rsquo;h\u00e9sitez pas \u00e0 suivre le <a href=\"https:\/\/www.instagram.com\/hkchaptalparis\/\" data-type=\"link\" data-id=\"https:\/\/www.instagram.com\/hkchaptalparis\/\" target=\"_blank\" rel=\"noreferrer noopener\">compte Instagram des \u00e9tudiant\u00b7es<\/a> ou \u00e0 parcourir les pages de notre site !<\/p>\n\n\n\n<hr class=\"wp-block-separator has-alpha-channel-opacity\"\/>\n<\/div>\n\n\n\n<div class=\"wp-block-column is-layout-flow wp-block-column-is-layout-flow\" style=\"flex-basis:30%\">\n<figure class=\"wp-block-image size-full\"><img loading=\"lazy\" decoding=\"async\" width=\"2560\" height=\"1920\" src=\"http:\/\/prepa-litteraire-chaptal.fr\/wp-content\/uploads\/2024\/07\/Chaptal-scaled.jpg\" alt=\"\" class=\"wp-image-124\" srcset=\"https:\/\/prepa-litteraire-chaptal.fr\/wp-content\/uploads\/2024\/07\/Chaptal-scaled.jpg 2560w, https:\/\/prepa-litteraire-chaptal.fr\/wp-content\/uploads\/2024\/07\/Chaptal-300x225.jpg 300w, https:\/\/prepa-litteraire-chaptal.fr\/wp-content\/uploads\/2024\/07\/Chaptal-1024x768.jpg 1024w, https:\/\/prepa-litteraire-chaptal.fr\/wp-content\/uploads\/2024\/07\/Chaptal-768x576.jpg 768w, https:\/\/prepa-litteraire-chaptal.fr\/wp-content\/uploads\/2024\/07\/Chaptal-1536x1152.jpg 1536w, https:\/\/prepa-litteraire-chaptal.fr\/wp-content\/uploads\/2024\/07\/Chaptal-2048x1536.jpg 2048w, https:\/\/prepa-litteraire-chaptal.fr\/wp-content\/uploads\/2024\/07\/Chaptal-1800x1350.jpg 1800w\" sizes=\"auto, (max-width: 2560px) 100vw, 2560px\" \/><\/figure>\n\n\n\n<div class=\"alignnormal\"><div id=\"metaslider-id-760\" style=\"width: 100%;\" class=\"ml-slider-3-100-1 metaslider metaslider-flex metaslider-760 ml-slider ms-theme-default-base nav-hidden\" role=\"region\" aria-label=\"Photos g\u00e9n\u00e9rales\" data-height=\"3000\" data-width=\"4000\">\n    <div id=\"metaslider_container_760\">\n        <div id=\"metaslider_760\">\n            <ul class='slides'>\n                <li style=\"display: block; width: 100%;\" class=\"slide-768 ms-image \" aria-roledescription=\"slide\" data-date=\"2025-01-05 13:50:57\"><img loading=\"lazy\" decoding=\"async\" src=\"https:\/\/prepa-litteraire-chaptal.fr\/wp-content\/uploads\/2025\/01\/IMG_7484-scaled-1920x1440.jpg\" height=\"3000\" width=\"4000\" alt=\"\" class=\"slider-760 slide-768 msDefaultImage\" title=\"IMG_7484\" \/><div class=\"caption-wrap\"><div class=\"caption\">Conf\u00e9rence et exposition Grande ville, novembre 2024<\/div><\/div><\/li>\n                <li style=\"display: none; width: 100%;\" class=\"slide-769 ms-image \" aria-roledescription=\"slide\" data-date=\"2025-01-05 13:50:57\"><img loading=\"lazy\" decoding=\"async\" src=\"https:\/\/prepa-litteraire-chaptal.fr\/wp-content\/uploads\/2025\/01\/IMG_7164.jpg\" height=\"3000\" width=\"4000\" alt=\"\" class=\"slider-760 slide-769 msDefaultImage\" title=\"IMG_7164\" \/><div class=\"caption-wrap\"><div class=\"caption\"><div><em>Comme il vous plaira<\/em>, Th\u00e9\u00e2tre H\u00e9bertot, octobre 2024<\/div><\/div><\/div><\/li>\n                <li style=\"display: none; width: 100%;\" class=\"slide-761 ms-image \" aria-roledescription=\"slide\" data-date=\"2025-01-05 13:50:57\"><img loading=\"lazy\" decoding=\"async\" src=\"https:\/\/prepa-litteraire-chaptal.fr\/wp-content\/uploads\/2025\/01\/IMG_4990-scaled.jpg\" height=\"3000\" width=\"4000\" alt=\"\" class=\"slider-760 slide-761 msDefaultImage\" title=\"IMG_4990\" \/><div class=\"caption-wrap\"><div class=\"caption\"><div>Exposition M\u00e9tro ! Le Grand Paris en mouvement, mai 2024<\/div><\/div><\/div><\/li>\n                <li style=\"display: none; width: 100%;\" class=\"slide-764 ms-image \" aria-roledescription=\"slide\" data-date=\"2025-01-05 13:50:57\"><img loading=\"lazy\" decoding=\"async\" src=\"https:\/\/prepa-litteraire-chaptal.fr\/wp-content\/uploads\/2025\/01\/IMG_3940-scaled.jpg\" height=\"3000\" width=\"4000\" alt=\"\" class=\"slider-760 slide-764 msDefaultImage\" title=\"IMG_3940\" \/><div class=\"caption-wrap\"><div class=\"caption\">Bruxelles, janvier 2024<\/div><\/div><\/li>\n                <li style=\"display: none; width: 100%;\" class=\"slide-765 ms-image \" aria-roledescription=\"slide\" data-date=\"2025-01-05 13:50:57\"><img loading=\"lazy\" decoding=\"async\" src=\"https:\/\/prepa-litteraire-chaptal.fr\/wp-content\/uploads\/2025\/01\/IMG_3925-scaled.jpg\" height=\"3000\" width=\"4000\" alt=\"\" class=\"slider-760 slide-765 msDefaultImage\" title=\"IMG_3925\" \/><div class=\"caption-wrap\"><div class=\"caption\">Bruxelles, janvier 2024<\/div><\/div><\/li>\n                <li style=\"display: none; width: 100%;\" class=\"slide-766 ms-image \" aria-roledescription=\"slide\" data-date=\"2025-01-05 13:50:57\"><img loading=\"lazy\" decoding=\"async\" src=\"https:\/\/prepa-litteraire-chaptal.fr\/wp-content\/uploads\/2025\/01\/084e5d3e-b708-49b1-a9ef-1560dba924f4.jpg\" height=\"3000\" width=\"4000\" alt=\"\" class=\"slider-760 slide-766 msDefaultImage\" title=\"084e5d3e-b708-49b1-a9ef-1560dba924f4\" \/><div class=\"caption-wrap\"><div class=\"caption\">Bruxelles, janvier 2024<\/div><\/div><\/li>\n                <li style=\"display: none; width: 100%;\" class=\"slide-767 ms-image \" aria-roledescription=\"slide\" data-date=\"2025-01-05 13:50:57\"><img loading=\"lazy\" decoding=\"async\" src=\"https:\/\/prepa-litteraire-chaptal.fr\/wp-content\/uploads\/2025\/01\/IMG_3590-1-scaled.jpg\" height=\"3000\" width=\"4000\" alt=\"\" class=\"slider-760 slide-767 msDefaultImage\" title=\"IMG_3590\" \/><div class=\"caption-wrap\"><div class=\"caption\">Ce que la Palestine apporte au monde, novembre 2023<\/div><\/div><\/li>\n                <li style=\"display: none; width: 100%;\" class=\"slide-762 ms-image \" aria-roledescription=\"slide\" data-date=\"2025-01-05 13:50:57\"><img loading=\"lazy\" decoding=\"async\" src=\"https:\/\/prepa-litteraire-chaptal.fr\/wp-content\/uploads\/2025\/01\/IMG_2190-scaled.jpg\" height=\"3000\" width=\"4000\" alt=\"\" class=\"slider-760 slide-762 msDefaultImage\" title=\"IMG_2190\" \/><div class=\"caption-wrap\"><div class=\"caption\"><div>La Fabrique du m\u00e9tro, juin 2023<\/div><\/div><\/div><\/li>\n                <li style=\"display: none; width: 100%;\" class=\"slide-763 ms-image \" aria-roledescription=\"slide\" data-date=\"2025-01-05 13:50:57\"><img loading=\"lazy\" decoding=\"async\" src=\"https:\/\/prepa-litteraire-chaptal.fr\/wp-content\/uploads\/2025\/01\/IMG_0443-scaled.jpg\" height=\"3000\" width=\"4000\" alt=\"\" class=\"slider-760 slide-763 msDefaultImage\" title=\"IMG_0443\" \/><div class=\"caption-wrap\"><div class=\"caption\"><div>Visite du si\u00e8ge de<em> Lib\u00e9ration<\/em>, f\u00e9vrier 2023<\/div><\/div><\/div><\/li>\n            <\/ul>\n        <\/div>\n        \n    <\/div>\n<\/div><\/div>\n<\/div>\n<\/div>\n<\/div>\n\n\n\n<p><\/p>\n\n\n\n<p><\/p>\n","protected":false},"excerpt":{"rendered":"<p>Bienvenue sur le site de la classe pr\u00e9paratoire litt\u00e9raire du lyc\u00e9e Chaptal, \u00e0 Paris. Si vous voulez en savoir plus sur la CPGE litt\u00e9raire du [&#8230;]<\/p>\n","protected":false},"author":1,"featured_media":0,"parent":0,"menu_order":0,"comment_status":"closed","ping_status":"closed","template":"","meta":{"footnotes":""},"class_list":["post-16","page","type-page","status-publish","hentry"],"_links":{"self":[{"href":"https:\/\/prepa-litteraire-chaptal.fr\/index.php\/wp-json\/wp\/v2\/pages\/16","targetHints":{"allow":["GET"]}}],"collection":[{"href":"https:\/\/prepa-litteraire-chaptal.fr\/index.php\/wp-json\/wp\/v2\/pages"}],"about":[{"href":"https:\/\/prepa-litteraire-chaptal.fr\/index.php\/wp-json\/wp\/v2\/types\/page"}],"author":[{"embeddable":true,"href":"https:\/\/prepa-litteraire-chaptal.fr\/index.php\/wp-json\/wp\/v2\/users\/1"}],"replies":[{"embeddable":true,"href":"https:\/\/prepa-litteraire-chaptal.fr\/index.php\/wp-json\/wp\/v2\/comments?post=16"}],"version-history":[{"count":31,"href":"https:\/\/prepa-litteraire-chaptal.fr\/index.php\/wp-json\/wp\/v2\/pages\/16\/revisions"}],"predecessor-version":[{"id":1246,"href":"https:\/\/prepa-litteraire-chaptal.fr\/index.php\/wp-json\/wp\/v2\/pages\/16\/revisions\/1246"}],"wp:attachment":[{"href":"https:\/\/prepa-litteraire-chaptal.fr\/index.php\/wp-json\/wp\/v2\/media?parent=16"}],"curies":[{"name":"wp","href":"https:\/\/api.w.org\/{rel}","templated":true}]}}