{"id":31,"date":"2024-07-04T22:56:52","date_gmt":"2024-07-04T20:56:52","guid":{"rendered":"http:\/\/prepa-litteraire-chaptal.fr\/?page_id=31"},"modified":"2024-07-04T23:15:53","modified_gmt":"2024-07-04T21:15:53","slug":"acces-reserve","status":"publish","type":"page","link":"https:\/\/prepa-litteraire-chaptal.fr\/index.php\/acces-reserve\/","title":{"rendered":"Acc\u00e8s r\u00e9serv\u00e9"},"content":{"rendered":"<p><br \/>\nCette partie du site est r\u00e9serv\u00e9e aux \u00e9tudiants et \u00e9tudiantes du lyc\u00e9e Chaptal \u00e0 Paris.<\/p>\n<p><div id=\"wpmem_login\"><a id=\"login\"><\/a><form action=\"https:\/\/prepa-litteraire-chaptal.fr\/index.php\/acces-reserve\/\" method=\"POST\" id=\"wpmem_login_form\" class=\"form\"><input type=\"hidden\" id=\"_wpmem_login_nonce\" name=\"_wpmem_login_nonce\" value=\"c709c76bcf\" \/><input type=\"hidden\" name=\"_wp_http_referer\" value=\"\/index.php\/wp-json\/wp\/v2\/pages\/31\" \/><fieldset><legend>Connexion pour les utilisateurs enregistr\u00e9s<\/legend><label for=\"log\">Identifiant ou e-mail<\/label><div class=\"div_text\"><input name=\"log\" type=\"text\" id=\"log\" value=\"\" class=\"username\" required  \/><\/div><label for=\"pwd\">Mot de passe<\/label><div class=\"div_text\"><input name=\"pwd\" type=\"password\" id=\"pwd\" class=\"password\" required  \/><\/div><input name=\"a\" type=\"hidden\" value=\"login\" \/><input name=\"redirect_to\" type=\"hidden\" value=\"https:\/\/prepa-litteraire-chaptal.fr\/index.php\/acces-reserve\/\" \/><div class=\"button_div\"><input name=\"rememberme\" type=\"checkbox\" id=\"rememberme\" value=\"forever\" \/>&nbsp;<label for=\"rememberme\">Se souvenir de moi<\/label>&nbsp;&nbsp;<input type=\"submit\" name=\"Submit\" value=\"Connexion\" class=\"buttons\" \/><\/div><div class=\"link-text\"><span class=\"link-text-forgot\">Mot de passe oubli\u00e9\u00a0?&nbsp;<a href=\"https:\/\/prepa-litteraire-chaptal.fr\/index.php\/comptes\/?a=pwdreset\">Cliquez ici pour r\u00e9initialiser<\/a><\/span><\/div><\/fieldset><\/form><\/div><br \/>\n<\/p>\n","protected":false},"excerpt":{"rendered":"<p>Cette partie du site est r\u00e9serv\u00e9e aux \u00e9tudiants et \u00e9tudiantes du lyc\u00e9e Chaptal \u00e0 Paris.<\/p>\n","protected":false},"author":1,"featured_media":0,"parent":0,"menu_order":0,"comment_status":"closed","ping_status":"closed","template":"","meta":{"footnotes":""},"class_list":["post-31","page","type-page","status-publish","hentry"],"_links":{"self":[{"href":"https:\/\/prepa-litteraire-chaptal.fr\/index.php\/wp-json\/wp\/v2\/pages\/31","targetHints":{"allow":["GET"]}}],"collection":[{"href":"https:\/\/prepa-litteraire-chaptal.fr\/index.php\/wp-json\/wp\/v2\/pages"}],"about":[{"href":"https:\/\/prepa-litteraire-chaptal.fr\/index.php\/wp-json\/wp\/v2\/types\/page"}],"author":[{"embeddable":true,"href":"https:\/\/prepa-litteraire-chaptal.fr\/index.php\/wp-json\/wp\/v2\/users\/1"}],"replies":[{"embeddable":true,"href":"https:\/\/prepa-litteraire-chaptal.fr\/index.php\/wp-json\/wp\/v2\/comments?post=31"}],"version-history":[{"count":5,"href":"https:\/\/prepa-litteraire-chaptal.fr\/index.php\/wp-json\/wp\/v2\/pages\/31\/revisions"}],"predecessor-version":[{"id":68,"href":"https:\/\/prepa-litteraire-chaptal.fr\/index.php\/wp-json\/wp\/v2\/pages\/31\/revisions\/68"}],"wp:attachment":[{"href":"https:\/\/prepa-litteraire-chaptal.fr\/index.php\/wp-json\/wp\/v2\/media?parent=31"}],"curies":[{"name":"wp","href":"https:\/\/api.w.org\/{rel}","templated":true}]}}