{"id":36,"date":"2024-07-04T23:02:50","date_gmt":"2024-07-04T21:02:50","guid":{"rendered":"http:\/\/prepa-litteraire-chaptal.fr\/?page_id=36"},"modified":"2025-01-05T13:29:03","modified_gmt":"2025-01-05T12:29:03","slug":"les-cours","status":"publish","type":"page","link":"https:\/\/prepa-litteraire-chaptal.fr\/index.php\/les-cours\/","title":{"rendered":"Qu&rsquo;est-ce qu&rsquo;une pr\u00e9pa litt\u00e9raire ?"},"content":{"rendered":"\n<p>Le lyc\u00e9e Chaptal accueille une hypokh\u00e2gne A\/L et deux classes de kh\u00e2gne Lyon, avec quatre sp\u00e9cialit\u00e9s (anglais, espagnol, histoire-g\u00e9ographie et lettres modernes).<\/p>\n\n\n\n<p><strong>Choisir la pr\u00e9pa litt\u00e9raire : quelles sp\u00e9cialit\u00e9s suivre en terminale ?<\/strong><\/p>\n\n\n\n<p>Vous pouvez choisir notre hypokh\u00e2gne via <a href=\"https:\/\/dossier.parcoursup.fr\/Candidats\/public\/fiches\/afficherFicheFormation?g_ta_cod=8996\" data-type=\"link\" data-id=\"https:\/\/dossier.parcoursup.fr\/Candidats\/public\/fiches\/afficherFicheFormation?g_ta_cod=8996\" target=\"_blank\" rel=\"noreferrer noopener\">Parcoursup<\/a>. Il s&rsquo;agit d&rsquo;une fili\u00e8re s\u00e9lective, qui s&rsquo;adresse aux \u00e9l\u00e8ves de terminale g\u00e9n\u00e9rale, ayant un bon \u00e0 tr\u00e8s bon niveau au lyc\u00e9e et ayant un int\u00e9r\u00eat et une curiosit\u00e9 pour les disciplines litt\u00e9raires et les sciences humaines et sociales. Nous proc\u00e9dons \u00e0 la s\u00e9lection des dossiers au printemps. Nous \u00e9tudions tous les dossiers. Nous vous encourageons fortement \u00e0 venir \u00e0 notre journ\u00e9e portes ouvertes pour d\u00e9couvrir notre formation. <\/p>\n\n\n\n<p>Au lyc\u00e9e, les sp\u00e9cialit\u00e9s litt\u00e9raires et li\u00e9es aux sciences humaines et sociales sont les plus coh\u00e9rentes avec le choix d&rsquo;une hypokh\u00e2gne. Il s&rsquo;agit des sp\u00e9cialit\u00e9s : humanit\u00e9s, litt\u00e9rature, philosophie ; histoire, g\u00e9ographie, g\u00e9opolitiques et sciences politiques ; langues, litt\u00e9ratures et cultures \u00e9trang\u00e8res ; arts ; litt\u00e9rature, langues et cultures de l&rsquo;antiquit\u00e9 ; sciences \u00e9conomiques et sociales. Les sp\u00e9cialit\u00e9s scientifiques ne sont pas un obstacle.<\/p>\n\n\n\n<p><strong>L&rsquo;hypokh\u00e2gne<\/strong><\/p>\n\n\n\n<p>L&rsquo;hypokh\u00e2gne (ou lettres sup\u00e9rieures) correspond \u00e0 la premi\u00e8re ann\u00e9e. Elle s&rsquo;adresse aux \u00e9l\u00e8ves de terminale g\u00e9n\u00e9rale. Il s&rsquo;agit d&rsquo;une ann\u00e9e pluridisciplinaire centr\u00e9e autour des disciplines litt\u00e9raires et des sciences humaines et sociales. Les horaires hebdomadaires de cours sont les suivants :<\/p>\n\n\n\n<figure class=\"wp-block-table\"><table class=\"has-fixed-layout\"><tbody><tr><td><strong>Disciplines obligatoires<\/strong><\/td><td><\/td><\/tr><tr><td>Lettres modernes<\/td><td>5 heures<\/td><\/tr><tr><td>Histoire<\/td><td>5 heures<\/td><\/tr><tr><td>Philosophie<\/td><td>4 heures<\/td><\/tr><tr><td>Langue vivante A (anglais, espagnol, allemand)<\/td><td>4 heures<\/td><\/tr><tr><td>Langue vivante B (anglais, espagnol, allemand ou une autre langue avec le syst\u00e8me inter-\u00e9tablissement)<\/td><td>2 heures + 2 heures d&rsquo;option<\/td><\/tr><tr><td>G\u00e9ographie<\/td><td>2 heures<\/td><\/tr><tr><td>Latin (d\u00e9butant\u00b7e ou confirm\u00e9\u00b7e)<\/td><td>2 heures<\/td><\/tr><tr><td>Culture antique<\/td><td>1 heure<\/td><\/tr><tr><td>Sport<\/td><td>Des cr\u00e9neaux libres propos\u00e9s tous les soirs<\/td><\/tr><\/tbody><\/table><\/figure>\n\n\n\n<figure class=\"wp-block-table\"><table class=\"has-fixed-layout\"><tbody><tr><td><strong>Disciplines en option (une option obligatoire)<\/strong><\/td><td><\/td><\/tr><tr><td>G\u00e9ographie<\/td><td>2 heures<\/td><\/tr><tr><td>Latin<\/td><td>2 heures<\/td><\/tr><\/tbody><\/table><\/figure>\n\n\n\n<p>\u00c0 ces heures, s&rsquo;ajoutent des devoirs sur table, des devoirs maison et des interrogations orales (colles), <a href=\"http:\/\/prepa-litteraire-chaptal.fr\/index.php\/les-cours-2\/\" data-type=\"link\" data-id=\"http:\/\/prepa-litteraire-chaptal.fr\/index.php\/les-cours-2\/\" target=\"_blank\" rel=\"noreferrer noopener\">voir l&rsquo;organisation des cours au lyc\u00e9e Chaptal pour plus d&rsquo;informations.<\/a><\/p>\n\n\n\n<p>\u00c0 la fin de l&rsquo;hypokh\u00e2gne, vous pourrez int\u00e9grer la deuxi\u00e8me ann\u00e9e, la kh\u00e2gne, selon la d\u00e9cision du conseil de classe. <\/p>\n\n\n\n<p><strong>La kh\u00e2gne<\/strong><\/p>\n\n\n\n<p>Il existe deux types de kh\u00e2gne : la kh\u00e2gne Lyon, dite moderne, avec deux classes au lyc\u00e9e Chaptal ; la kh\u00e2gne Ulm, dite classique, pour laquelle il faudra changer d&rsquo;\u00e9tablissement. <\/p>\n\n\n\n<p>En kh\u00e2gne, les heures de cours se divisent entre les heures de tronc commun, qui s&rsquo;adressent \u00e0 toute la classe et les heures de sp\u00e9cialit\u00e9. En effet, en kh\u00e2gne, les \u00e9tudiants et \u00e9tudiantes choisissent une sp\u00e9cialit\u00e9. Le lyc\u00e9e Chaptal en offre quatre (anglais, espagnol, histoire-g\u00e9ographie, lettres modernes). D&rsquo;autres sp\u00e9cialit\u00e9s existent (philosophie, une autre langue) et dans ce cas, vous devez rejoindre un autre lyc\u00e9e en kh\u00e2gne. Les heures hebdomadaires sont les suivantes :<\/p>\n\n\n\n<figure class=\"wp-block-table\"><table class=\"has-fixed-layout\"><tbody><tr><td><strong>Disciplines de tronc commun<\/strong><\/td><td><\/td><\/tr><tr><td>Lettres modernes<\/td><td>5 heures<\/td><\/tr><tr><td>Langue vivante A<\/td><td>5 heures<\/td><\/tr><tr><td>Philosophie<\/td><td>4 heures<\/td><\/tr><tr><td>G\u00e9ographie<\/td><td>2 heures<\/td><\/tr><tr><td>Histoire<\/td><td>2 heures<\/td><\/tr><\/tbody><\/table><\/figure>\n\n\n\n<figure class=\"wp-block-table\"><table class=\"has-fixed-layout\"><tbody><tr><td><strong>Enseignements de sp\u00e9cialit\u00e9<\/strong><\/td><td><\/td><\/tr><tr><td>Anglais<\/td><td>5 heures + 2 heures de LVB<\/td><\/tr><tr><td>Espagnol<\/td><td>5 heures + 2 heures de LVB<\/td><\/tr><tr><td>Histoire-g\u00e9ographie<\/td><td>4 heures en histoire, 4 heures en g\u00e9ographie<\/td><\/tr><tr><td>Lettres modernes<\/td><td>6 heures<\/td><\/tr><tr><td>Philosophie (non propos\u00e9e \u00e0 Chaptal)<\/td><td>6 heures<\/td><\/tr><\/tbody><\/table><\/figure>\n\n\n\n<figure class=\"wp-block-table\"><table class=\"has-fixed-layout\"><tbody><tr><td><strong>Enseignement optionnels<\/strong><\/td><td><\/td><\/tr><tr><td>Langue vivante B<\/td><td>2 heures<\/td><\/tr><tr><td>Latin<\/td><td>2 heures<\/td><\/tr><tr><td>Sport<\/td><td>Des cr\u00e9neaux propos\u00e9s tous les soirs<\/td><\/tr><\/tbody><\/table><\/figure>\n\n\n\n<p>\u00c0 ces heures, s&rsquo;ajoutent des devoirs sur table, des devoirs maison et des interrogations orales (colles), <a href=\"http:\/\/prepa-litteraire-chaptal.fr\/index.php\/les-cours-2\/\" data-type=\"link\" data-id=\"http:\/\/prepa-litteraire-chaptal.fr\/index.php\/les-cours-2\/\" target=\"_blank\" rel=\"noreferrer noopener\">voir l&rsquo;organisation des cours au lyc\u00e9e Chaptal pour plus d&rsquo;informations.<\/a><\/p>\n\n\n\n<p>En avril, les \u00e9tudiants et \u00e9tudiantes en kh\u00e2gne passent les \u00e9crits des concours de l&rsquo;\u00c9cole normale sup\u00e9rieure, mais aussi les concours de la BCE, qui ouvrent les portes de nombreuses \u00e9coles de commerce (HEC, EDHEC&#8230;). <\/p>\n","protected":false},"excerpt":{"rendered":"<p>Le lyc\u00e9e Chaptal accueille une hypokh\u00e2gne A\/L et deux classes de kh\u00e2gne Lyon, avec quatre sp\u00e9cialit\u00e9s (anglais, espagnol, histoire-g\u00e9ographie et lettres modernes). Choisir la pr\u00e9pa [&#8230;]<\/p>\n","protected":false},"author":1,"featured_media":0,"parent":0,"menu_order":0,"comment_status":"closed","ping_status":"closed","template":"","meta":{"footnotes":""},"class_list":["post-36","page","type-page","status-publish","hentry"],"_links":{"self":[{"href":"https:\/\/prepa-litteraire-chaptal.fr\/index.php\/wp-json\/wp\/v2\/pages\/36","targetHints":{"allow":["GET"]}}],"collection":[{"href":"https:\/\/prepa-litteraire-chaptal.fr\/index.php\/wp-json\/wp\/v2\/pages"}],"about":[{"href":"https:\/\/prepa-litteraire-chaptal.fr\/index.php\/wp-json\/wp\/v2\/types\/page"}],"author":[{"embeddable":true,"href":"https:\/\/prepa-litteraire-chaptal.fr\/index.php\/wp-json\/wp\/v2\/users\/1"}],"replies":[{"embeddable":true,"href":"https:\/\/prepa-litteraire-chaptal.fr\/index.php\/wp-json\/wp\/v2\/comments?post=36"}],"version-history":[{"count":10,"href":"https:\/\/prepa-litteraire-chaptal.fr\/index.php\/wp-json\/wp\/v2\/pages\/36\/revisions"}],"predecessor-version":[{"id":743,"href":"https:\/\/prepa-litteraire-chaptal.fr\/index.php\/wp-json\/wp\/v2\/pages\/36\/revisions\/743"}],"wp:attachment":[{"href":"https:\/\/prepa-litteraire-chaptal.fr\/index.php\/wp-json\/wp\/v2\/media?parent=36"}],"curies":[{"name":"wp","href":"https:\/\/api.w.org\/{rel}","templated":true}]}}