{"id":44,"date":"2024-07-04T23:04:01","date_gmt":"2024-07-04T21:04:01","guid":{"rendered":"http:\/\/prepa-litteraire-chaptal.fr\/?page_id=44"},"modified":"2024-12-21T16:01:41","modified_gmt":"2024-12-21T15:01:41","slug":"linternat","status":"publish","type":"page","link":"https:\/\/prepa-litteraire-chaptal.fr\/index.php\/linternat\/","title":{"rendered":"L&rsquo;internat"},"content":{"rendered":"\n<p>Le lyc\u00e9e Chaptal dispose d&rsquo;un internat de 80 places. Le lyc\u00e9e dispose \u00e9galement de places d&rsquo;internat au Lyc\u00e9e d&rsquo;\u00c9tat Jean Zay (Internat de la r\u00e9ussite, 10, rue du Docteur Blanche 75016 Paris). <\/p>\n\n\n\n<p><strong>Deux r\u00e9gimes possibles :<\/strong><\/p>\n\n\n\n<ul class=\"wp-block-list\">\n<li>A Chaptal, on peut \u00eatre <strong>interne<\/strong> et disposer d&rsquo;une chambre \u00e0 l&rsquo;internat.<\/li>\n\n\n\n<li>On peut aussi \u00eatre <strong>interne-extern\u00e9\u00b7e,<\/strong> c&rsquo;est \u00e0 dire b\u00e9n\u00e9ficier de tous les services offerts aux internes, mais dormir chez soi <em>(ce statut est \u00e0 demander au moment de l&rsquo;inscription administrative en ligne uniquement)<\/em>.<br><\/li>\n<\/ul>\n\n\n\n<p><strong>Les services offerts \u00e0 tous :<\/strong><\/p>\n\n\n\n<ul class=\"wp-block-list\">\n<li>Petit d\u00e9jeuner, d\u00e9jeuner et d\u00eener, du lundi au vendredi soir.<\/li>\n\n\n\n<li>Un acc\u00e8s internet.<\/li>\n\n\n\n<li>Un atelier th\u00e9\u00e2tre.<\/li>\n\n\n\n<li>Des espaces pour travailler en groupe.<\/li>\n\n\n\n<li>Un CDI ouvert jusqu&rsquo;\u00e0 22 h, tous les jours, pour travailler.<\/li>\n\n\n\n<li>Un gymnase mis \u00e0 disposition pour faire du sport.<\/li>\n\n\n\n<li>Des cours de soutien en sciences.<\/li>\n\n\n\n<li>Une infirmi\u00e8re sur place.<\/li>\n<\/ul>\n\n\n\n<p><strong>Les crit\u00e8res de s\u00e9lection<\/strong><\/p>\n\n\n\n<ul class=\"wp-block-list\">\n<li>Pour \u00eatre interne : priorit\u00e9 aux \u00e9tudiants boursiers et \u00e9tudiantes boursi\u00e8res.<\/li>\n<\/ul>\n\n\n\n<p><strong>Les conditions de fonctionnement<\/strong><\/p>\n\n\n\n<ul class=\"wp-block-list\">\n<li>L\u2019internat est ferm\u00e9 pendant le week-end (du samedi midi au dimanche soir), les vacances scolaires, petits cong\u00e9s.<\/li>\n\n\n\n<li>L\u2019internat n\u2019est pas en mesure d\u2019assurer de r\u00e9gime alimentaire particulier.<\/li>\n\n\n\n<li>La d\u00e9signation d\u2019un\u00b7e correspondant\u00b7e en r\u00e9gion Ile-de-France est obligatoire pour les internes dont les parents r\u00e9sident en dehors de la circonscription. Ce\u00b7tte correspondant\u00b7e doit \u00eatre en mesure de prendre sur place les dispositions n\u00e9cessaires en cas de maladie, de difficult\u00e9s de tous ordres. Cette personne doit aussi pouvoir accueillir l\u2019\u00e9tudiant\u00b7e lors des fermetures de l\u2019internat si le domicile familial trop \u00e9loign\u00e9.<\/li>\n\n\n\n<li>Les \u00e9tudiants et \u00e9tudiantes sont en chambre de deux. Les sanitaires sont collectifs.<\/li>\n<\/ul>\n","protected":false},"excerpt":{"rendered":"<p>Le lyc\u00e9e Chaptal dispose d&rsquo;un internat de 80 places. Le lyc\u00e9e dispose \u00e9galement de places d&rsquo;internat au Lyc\u00e9e d&rsquo;\u00c9tat Jean Zay (Internat de la r\u00e9ussite, [&#8230;]<\/p>\n","protected":false},"author":1,"featured_media":0,"parent":0,"menu_order":0,"comment_status":"closed","ping_status":"closed","template":"","meta":{"footnotes":""},"class_list":["post-44","page","type-page","status-publish","hentry"],"_links":{"self":[{"href":"https:\/\/prepa-litteraire-chaptal.fr\/index.php\/wp-json\/wp\/v2\/pages\/44","targetHints":{"allow":["GET"]}}],"collection":[{"href":"https:\/\/prepa-litteraire-chaptal.fr\/index.php\/wp-json\/wp\/v2\/pages"}],"about":[{"href":"https:\/\/prepa-litteraire-chaptal.fr\/index.php\/wp-json\/wp\/v2\/types\/page"}],"author":[{"embeddable":true,"href":"https:\/\/prepa-litteraire-chaptal.fr\/index.php\/wp-json\/wp\/v2\/users\/1"}],"replies":[{"embeddable":true,"href":"https:\/\/prepa-litteraire-chaptal.fr\/index.php\/wp-json\/wp\/v2\/comments?post=44"}],"version-history":[{"count":4,"href":"https:\/\/prepa-litteraire-chaptal.fr\/index.php\/wp-json\/wp\/v2\/pages\/44\/revisions"}],"predecessor-version":[{"id":723,"href":"https:\/\/prepa-litteraire-chaptal.fr\/index.php\/wp-json\/wp\/v2\/pages\/44\/revisions\/723"}],"wp:attachment":[{"href":"https:\/\/prepa-litteraire-chaptal.fr\/index.php\/wp-json\/wp\/v2\/media?parent=44"}],"curies":[{"name":"wp","href":"https:\/\/api.w.org\/{rel}","templated":true}]}}