{"id":51,"date":"2024-07-04T23:06:17","date_gmt":"2024-07-04T21:06:17","guid":{"rendered":"http:\/\/prepa-litteraire-chaptal.fr\/?page_id=51"},"modified":"2025-01-11T18:48:35","modified_gmt":"2025-01-11T17:48:35","slug":"les-cours-2","status":"publish","type":"page","link":"https:\/\/prepa-litteraire-chaptal.fr\/index.php\/les-cours-2\/","title":{"rendered":"Les cours"},"content":{"rendered":"\n<ul class=\"wp-block-list\">\n<li>Les vid\u00e9os de pr\u00e9sentation de Chaptal<\/li>\n\n\n\n<li>Les cours en hypokh\u00e2gne<\/li>\n\n\n\n<li>Les cours en kh\u00e2gne<\/li>\n<\/ul>\n\n\n\n<p><strong>Les vid\u00e9os de pr\u00e9sentation de la fili\u00e8re litt\u00e9raire \u00e0 Chaptal<\/strong><\/p>\n\n\n\n<p class=\"has-text-align-center\">La fili\u00e8re litt\u00e9raire \u00e0 Chaptal<\/p>\n\n\n\n<figure class=\"wp-block-video\"><video height=\"1080\" style=\"aspect-ratio: 1920 \/ 1080;\" width=\"1920\" controls src=\"http:\/\/prepa-litteraire-chaptal.fr\/wp-content\/uploads\/2025\/01\/Structure-Chaptal-2025.mov\"><\/video><\/figure>\n\n\n\n<p class=\"has-text-align-center\">Les sp\u00e9cificit\u00e9s de Chaptal<\/p>\n\n\n\n<figure class=\"wp-block-video\"><video height=\"1080\" style=\"aspect-ratio: 1920 \/ 1080;\" width=\"1920\" controls src=\"http:\/\/prepa-litteraire-chaptal.fr\/wp-content\/uploads\/2025\/01\/Specificites-Chaptal-2025.mov\"><\/video><\/figure>\n\n\n\n<p><strong>L&rsquo;hypokh\u00e2gne<\/strong><\/p>\n\n\n\n<p>En hypokh\u00e2gne, les heures de cours hebdomadaires sont les suivantes :<\/p>\n\n\n\n<figure class=\"wp-block-table\"><table class=\"has-fixed-layout\"><tbody><tr><td><strong>Disciplines obligatoires<\/strong><\/td><td><\/td><\/tr><tr><td>Lettres modernes<\/td><td>5 heures<\/td><\/tr><tr><td>Histoire<\/td><td>5 heures<\/td><\/tr><tr><td>Philosophie<\/td><td>4 heures<\/td><\/tr><tr><td>Langue vivante A (anglais, espagnol, allemand)<\/td><td>4 heures<\/td><\/tr><tr><td>Langue vivante B (anglais, espagnol, allemand ou une autre langue avec le syst\u00e8me inter-\u00e9tablissement)<\/td><td>2 heures + 2 heures d&rsquo;option<\/td><\/tr><tr><td>G\u00e9ographie<\/td><td>2 heures<\/td><\/tr><tr><td>Latin (d\u00e9butant\u00b7e ou confirm\u00e9\u00b7e)<\/td><td>2 heures<\/td><\/tr><tr><td>Culture antique<\/td><td>1 heure<\/td><\/tr><tr><td>Sport<\/td><td>Des cr\u00e9neaux libres propos\u00e9s tous les soirs<\/td><\/tr><\/tbody><\/table><\/figure>\n\n\n\n<figure class=\"wp-block-table\"><table class=\"has-fixed-layout\"><tbody><tr><td><strong>Disciplines en option (une option obligatoire)<\/strong><\/td><td><\/td><\/tr><tr><td>G\u00e9ographie<\/td><td>2 heures<\/td><\/tr><tr><td>Latin<\/td><td>2 heures<\/td><\/tr><\/tbody><\/table><\/figure>\n\n\n\n<p>En compl\u00e9ment de ces heures de cours, il y a \u00e9galement un atelier de m\u00e9thodologie en anglais, en philosophie et en g\u00e9ographie (obligatoires, 1 heure tous les 15 jours), mais aussi un atelier de cr\u00e9ation litt\u00e9raire et un atelier de recherche historique (optionnels, 1 heure tous les 15 jours). <\/p>\n\n\n\n<p>Ces heures de cours sont compl\u00e9t\u00e9es par des \u00e9valuations :<\/p>\n\n\n\n<ul class=\"wp-block-list\">\n<li>Des interrogations orales (les colles) : une par discipline au semestre 1, deux par discipline au semestre 2. <\/li>\n\n\n\n<li>Des devoirs sur table (qui ne sont pas le samedi matin, les cours se terminent le vendredi soir) ; deux concours blancs, en d\u00e9cembre et en avril\/mai. <\/li>\n\n\n\n<li>Des devoirs maison<\/li>\n<\/ul>\n\n\n\n<p>En hypokh\u00e2gne, l&rsquo;\u00e9quipe enseignante organise \u00e9galement un tutorat pour chaque \u00e9tudiant et \u00e9tudiante. Un\u00b7e enseignant\u00b7e accompagne donc individuellement les \u00e9tudiant\u00b7es tout au long de l&rsquo;ann\u00e9e. Les hypokh\u00e2gnes ont \u00e9galement une marraine ou un parrain en classe de kh\u00e2gne. <\/p>\n\n\n\n<p><strong>La kh\u00e2gne<\/strong><\/p>\n\n\n\n<p>En kh\u00e2gne, les heures de cours se divisent entre les heures de tronc commun, qui s&rsquo;adressent \u00e0 toute la classe et les heures de sp\u00e9cialit\u00e9. En effet, en kh\u00e2gne, les \u00e9tudiants et \u00e9tudiantes choisissent une sp\u00e9cialit\u00e9. Le lyc\u00e9e Chaptal en offre quatre (anglais, espagnol, histoire-g\u00e9ographie, lettres modernes). D&rsquo;autres sp\u00e9cialit\u00e9s existent (philosophie, une autre langue) et dans ce cas, vous devez rejoindre un autre lyc\u00e9e en kh\u00e2gne. Les heures hebdomadaires sont les suivantes :<\/p>\n\n\n\n<figure class=\"wp-block-table\"><table class=\"has-fixed-layout\"><tbody><tr><td><strong>Disciplines de tronc commun<\/strong><\/td><td><\/td><\/tr><tr><td>Lettres modernes<\/td><td>5 heures<\/td><\/tr><tr><td>Langue vivante A<\/td><td>5 heures<\/td><\/tr><tr><td>Philosophie<\/td><td>4 heures<\/td><\/tr><tr><td>G\u00e9ographie<\/td><td>2 heures<\/td><\/tr><tr><td>Histoire<\/td><td>2 heures<\/td><\/tr><\/tbody><\/table><\/figure>\n\n\n\n<figure class=\"wp-block-table\"><table class=\"has-fixed-layout\"><tbody><tr><td><strong>Enseignements de sp\u00e9cialit\u00e9<\/strong><\/td><td><\/td><\/tr><tr><td>Anglais<\/td><td>5 heures + 2 heures de LVB<\/td><\/tr><tr><td>Espagnol<\/td><td>5 heures + 2 heures de LVB<\/td><\/tr><tr><td>Histoire-g\u00e9ographie<\/td><td>4 heures en histoire, 4 heures en g\u00e9ographie<\/td><\/tr><tr><td>Lettres modernes<\/td><td>6 heures<\/td><\/tr><tr><td>Philosophie (non propos\u00e9e \u00e0 Chaptal)<\/td><td>6 heures<\/td><\/tr><\/tbody><\/table><\/figure>\n\n\n\n<figure class=\"wp-block-table\"><table class=\"has-fixed-layout\"><tbody><tr><td><strong>Enseignement optionnels<\/strong><\/td><td><\/td><\/tr><tr><td>Langue vivante B<\/td><td>2 heures<\/td><\/tr><tr><td>Latin<\/td><td>2 heures<\/td><\/tr><tr><td>Sport<\/td><td>Des cr\u00e9neaux propos\u00e9s tous les soirs<\/td><\/tr><\/tbody><\/table><\/figure>\n\n\n\n<p>Ces heures de cours sont compl\u00e9t\u00e9es par des \u00e9valuations :<\/p>\n\n\n\n<ul class=\"wp-block-list\">\n<li>Des interrogations orales (les colles) : deux dans l&rsquo;ann\u00e9e par discipline. <\/li>\n\n\n\n<li>Des devoirs sur table le lundi apr\u00e8s-midi et deux concours blancs (d\u00e9cembre et f\u00e9vrier). <\/li>\n\n\n\n<li>Des devoirs maison<\/li>\n<\/ul>\n\n\n\n<p>En kh\u00e2gne, les \u00e9tudiant\u00b7es qui pr\u00e9parent les \u00e9coles de commerce ou de communication b\u00e9n\u00e9ficient aussi de deux matin\u00e9es d&rsquo;entra\u00eenement aux oraux, en d\u00e9cembre et en juin. <\/p>\n","protected":false},"excerpt":{"rendered":"<p>Les vid\u00e9os de pr\u00e9sentation de la fili\u00e8re litt\u00e9raire \u00e0 Chaptal La fili\u00e8re litt\u00e9raire \u00e0 Chaptal Les sp\u00e9cificit\u00e9s de Chaptal L&rsquo;hypokh\u00e2gne En hypokh\u00e2gne, les heures de [&#8230;]<\/p>\n","protected":false},"author":1,"featured_media":0,"parent":0,"menu_order":0,"comment_status":"closed","ping_status":"closed","template":"","meta":{"footnotes":""},"class_list":["post-51","page","type-page","status-publish","hentry"],"_links":{"self":[{"href":"https:\/\/prepa-litteraire-chaptal.fr\/index.php\/wp-json\/wp\/v2\/pages\/51","targetHints":{"allow":["GET"]}}],"collection":[{"href":"https:\/\/prepa-litteraire-chaptal.fr\/index.php\/wp-json\/wp\/v2\/pages"}],"about":[{"href":"https:\/\/prepa-litteraire-chaptal.fr\/index.php\/wp-json\/wp\/v2\/types\/page"}],"author":[{"embeddable":true,"href":"https:\/\/prepa-litteraire-chaptal.fr\/index.php\/wp-json\/wp\/v2\/users\/1"}],"replies":[{"embeddable":true,"href":"https:\/\/prepa-litteraire-chaptal.fr\/index.php\/wp-json\/wp\/v2\/comments?post=51"}],"version-history":[{"count":13,"href":"https:\/\/prepa-litteraire-chaptal.fr\/index.php\/wp-json\/wp\/v2\/pages\/51\/revisions"}],"predecessor-version":[{"id":809,"href":"https:\/\/prepa-litteraire-chaptal.fr\/index.php\/wp-json\/wp\/v2\/pages\/51\/revisions\/809"}],"wp:attachment":[{"href":"https:\/\/prepa-litteraire-chaptal.fr\/index.php\/wp-json\/wp\/v2\/media?parent=51"}],"curies":[{"name":"wp","href":"https:\/\/api.w.org\/{rel}","templated":true}]}}