{"id":54,"date":"2024-07-04T23:06:57","date_gmt":"2024-07-04T21:06:57","guid":{"rendered":"http:\/\/prepa-litteraire-chaptal.fr\/?page_id=54"},"modified":"2025-01-02T15:31:32","modified_gmt":"2025-01-02T14:31:32","slug":"les-stages","status":"publish","type":"page","link":"https:\/\/prepa-litteraire-chaptal.fr\/index.php\/les-stages\/","title":{"rendered":"Les stages"},"content":{"rendered":"\n<p>Au lyc\u00e9e Chaptal, les \u00e9tudiants et \u00e9tudiantes d&rsquo;hypokh\u00e2gne peuvent effectuer un stage, \u00e0 l\u2019occasion duquel ils peuvent clarifier leur projet d&rsquo;orientation, et qui leur donne une premi\u00e8re exp\u00e9rience du monde professionnel, valorisante pour l\u2019oral des concours. Ce stage est organis\u00e9 en fin d&rsquo;ann\u00e9e, \u00e0 partir de la troisi\u00e8me semaine de juin. <\/p>\n\n\n\n<p>Les stages se font dans le milieu de l&rsquo;enseignement, du journalisme, de la culture, de l&rsquo;\u00e9dition, de la politique, le milieu associatif. Les \u00e9tudiants et \u00e9tudiantes cherchent leur stage \u00e0 partir de d\u00e9cembre-janvier et l&rsquo;\u00e9quipe enseignante les aide si besoin. <\/p>\n\n\n\n<p>Quelques exemples de stages r\u00e9alis\u00e9s en en 2023 et 2024 :<\/p>\n\n\n\n<ul class=\"wp-block-list\">\n<li>Journalisme : stage au <em>Monde<\/em><\/li>\n\n\n\n<li>\u00c9dition : stage chez Hatier <\/li>\n\n\n\n<li>Culture : stage en librairie ; stade dans une maison de production de cin\u00e9ma<\/li>\n\n\n\n<li>Politique : stage aupr\u00e8s d&rsquo;un d\u00e9put\u00e9 de Paris<\/li>\n\n\n\n<li>Milieu associatif : stage \u00e0 la Maison des femmes \u00e0 Saint-Denis<\/li>\n\n\n\n<li>Education : stage en coll\u00e8ge dans le Val-de-Marne ; stage en lyc\u00e9e dans les Hauts-de-Seine. <\/li>\n\n\n\n<li>Communication : stage chez Boulanger<\/li>\n<\/ul>\n","protected":false},"excerpt":{"rendered":"<p>Au lyc\u00e9e Chaptal, les \u00e9tudiants et \u00e9tudiantes d&rsquo;hypokh\u00e2gne peuvent effectuer un stage, \u00e0 l\u2019occasion duquel ils peuvent clarifier leur projet d&rsquo;orientation, et qui leur donne [&#8230;]<\/p>\n","protected":false},"author":1,"featured_media":0,"parent":0,"menu_order":0,"comment_status":"closed","ping_status":"closed","template":"","meta":{"footnotes":""},"class_list":["post-54","page","type-page","status-publish","hentry"],"_links":{"self":[{"href":"https:\/\/prepa-litteraire-chaptal.fr\/index.php\/wp-json\/wp\/v2\/pages\/54","targetHints":{"allow":["GET"]}}],"collection":[{"href":"https:\/\/prepa-litteraire-chaptal.fr\/index.php\/wp-json\/wp\/v2\/pages"}],"about":[{"href":"https:\/\/prepa-litteraire-chaptal.fr\/index.php\/wp-json\/wp\/v2\/types\/page"}],"author":[{"embeddable":true,"href":"https:\/\/prepa-litteraire-chaptal.fr\/index.php\/wp-json\/wp\/v2\/users\/1"}],"replies":[{"embeddable":true,"href":"https:\/\/prepa-litteraire-chaptal.fr\/index.php\/wp-json\/wp\/v2\/comments?post=54"}],"version-history":[{"count":6,"href":"https:\/\/prepa-litteraire-chaptal.fr\/index.php\/wp-json\/wp\/v2\/pages\/54\/revisions"}],"predecessor-version":[{"id":733,"href":"https:\/\/prepa-litteraire-chaptal.fr\/index.php\/wp-json\/wp\/v2\/pages\/54\/revisions\/733"}],"wp:attachment":[{"href":"https:\/\/prepa-litteraire-chaptal.fr\/index.php\/wp-json\/wp\/v2\/media?parent=54"}],"curies":[{"name":"wp","href":"https:\/\/api.w.org\/{rel}","templated":true}]}}