{"id":56,"date":"2024-07-04T23:07:08","date_gmt":"2024-07-04T21:07:08","guid":{"rendered":"http:\/\/prepa-litteraire-chaptal.fr\/?page_id=56"},"modified":"2026-01-09T11:02:43","modified_gmt":"2026-01-09T10:02:43","slug":"les-sorties-et-voyages","status":"publish","type":"page","link":"https:\/\/prepa-litteraire-chaptal.fr\/index.php\/les-sorties-et-voyages\/","title":{"rendered":"Les sorties et voyages"},"content":{"rendered":"\n<p>Aussi bien en hypokh\u00e2gne qu&rsquo;en kh\u00e2gne, nous organisons des sorties. En hypokh\u00e2gne, la fin d&rsquo;ann\u00e9e est marqu\u00e9e par l&rsquo;organisation d&rsquo;un voyage scolaire, qui sera cette ann\u00e9e \u00e0 Berlin. <\/p>\n\n\n\n<div class=\"wp-block-columns is-layout-flex wp-container-core-columns-is-layout-9d6595d7 wp-block-columns-is-layout-flex\">\n<div class=\"wp-block-column is-layout-flow wp-block-column-is-layout-flow\" style=\"flex-basis:66.66%\">\n<h2 class=\"wp-block-heading\"><strong>Les sorties<\/strong>, conf\u00e9rences et rencontres<\/h2>\n\n\n\n<ul class=\"wp-block-list\">\n<li>Des <strong>sorties au th\u00e9\u00e2tre<\/strong> :  <em>Grand peur et mis\u00e8re du IIIe Reich<\/em> au th\u00e9\u00e2tre de l&rsquo;Od\u00e9on (2025) ; <em>Comme il vous plaira<\/em>, au th\u00e9\u00e2tre H\u00e9bertot (2024)<\/li>\n\n\n\n<li><strong>Des visites d&rsquo;exposition<\/strong> <strong>et de mus\u00e9e<\/strong> : \u00ab\u00a0Migrations et climats\u00a0\u00bb (2025) ; \u00ab\u00a0Ce que la Palestine apporte au monde\u00a0\u00bb (2023) <\/li>\n\n\n\n<li>Des <strong>rencontres<\/strong> : si\u00e8ge du quotidien <em>Lib\u00e9ration<\/em> en hypokh\u00e2gne (2023, 2024) ; rencontre avec un diplomate en hypokh\u00e2gne, pour parler des m\u00e9tiers de la diplomatie et des relations internationales (2024).<\/li>\n\n\n\n<li>Des <strong>conf\u00e9rences<\/strong> : \u00e9ducation et islam politique au Moyen Orient, 1920-2011 (2026) ;  D\u00e9construire les utopies urbaines (2024). <\/li>\n<\/ul>\n<\/div>\n\n\n\n<div class=\"wp-block-column is-layout-flow wp-block-column-is-layout-flow\" style=\"flex-basis:33.33%\">\n<div class=\"alignnormal\"><div id=\"metaslider-id-776\" style=\"width: 100%;\" class=\"ml-slider-3-100-1 metaslider metaslider-flex metaslider-776 ml-slider ms-theme-default-base nav-hidden\" role=\"region\" aria-label=\"Th\u00e9\u00e2tre\" data-height=\"3000\" data-width=\"4000\">\n    <div id=\"metaslider_container_776\">\n        <div id=\"metaslider_776\">\n            <ul class='slides'>\n                <li style=\"display: block; width: 100%;\" class=\"slide-777 ms-image \" aria-roledescription=\"slide\" data-date=\"2025-01-05 14:01:55\"><img loading=\"lazy\" decoding=\"async\" src=\"https:\/\/prepa-litteraire-chaptal.fr\/wp-content\/uploads\/2025\/01\/IMG_7164.jpg\" height=\"3000\" width=\"4000\" alt=\"\" class=\"slider-776 slide-777 msDefaultImage\" title=\"IMG_7164\" \/><div class=\"caption-wrap\"><div class=\"caption\"><div><em>Comme il vous plaira<\/em>, Th\u00e9\u00e2tre H\u00e9bertot, octobre 2024<\/div><\/div><\/div><\/li>\n            <\/ul>\n        <\/div>\n        \n    <\/div>\n<\/div><\/div>\n\n\n\n<div class=\"alignnormal\"><div id=\"metaslider-id-772\" style=\"width: 100%;\" class=\"ml-slider-3-100-1 metaslider metaslider-flex metaslider-772 ml-slider ms-theme-default-base nav-hidden nav-hidden\" role=\"region\" aria-label=\"Expositions\" data-height=\"3000\" data-width=\"4000\">\n    <div id=\"metaslider_container_772\">\n        <div id=\"metaslider_772\">\n            <ul class='slides'>\n                <li style=\"display: block; width: 100%;\" class=\"slide-790 ms-image \" aria-roledescription=\"slide\" data-date=\"2025-01-05 14:09:43\"><img loading=\"lazy\" decoding=\"async\" src=\"https:\/\/prepa-litteraire-chaptal.fr\/wp-content\/uploads\/2025\/01\/IMG_7484-scaled-1920x1440.jpg\" height=\"3000\" width=\"4000\" alt=\"\" class=\"slider-772 slide-790 msDefaultImage\" title=\"IMG_7484\" \/><div class=\"caption-wrap\"><div class=\"caption\">Conf\u00e9rence et exposition Grande ville, novembre 2024<\/div><\/div><\/li>\n                <li style=\"display: none; width: 100%;\" class=\"slide-773 ms-image \" aria-roledescription=\"slide\" data-date=\"2025-01-05 14:01:05\"><img loading=\"lazy\" decoding=\"async\" src=\"https:\/\/prepa-litteraire-chaptal.fr\/wp-content\/uploads\/2025\/01\/IMG_4990-scaled.jpg\" height=\"3000\" width=\"4000\" alt=\"\" class=\"slider-772 slide-773 msDefaultImage\" title=\"IMG_4990\" \/><div class=\"caption-wrap\"><div class=\"caption\"><div>M\u00e9tro ! Le Grand Paris en mouvement, mai 2024<\/div><\/div><\/div><\/li>\n                <li style=\"display: none; width: 100%;\" class=\"slide-774 ms-image \" aria-roledescription=\"slide\" data-date=\"2025-01-05 14:01:05\"><img loading=\"lazy\" decoding=\"async\" src=\"https:\/\/prepa-litteraire-chaptal.fr\/wp-content\/uploads\/2025\/01\/IMG_2190-scaled.jpg\" height=\"3000\" width=\"4000\" alt=\"\" class=\"slider-772 slide-774 msDefaultImage\" title=\"IMG_2190\" \/><div class=\"caption-wrap\"><div class=\"caption\"><div>La Fabrique du m\u00e9tro, juin 2023<\/div><\/div><\/div><\/li>\n                <li style=\"display: none; width: 100%;\" class=\"slide-775 ms-image \" aria-roledescription=\"slide\" data-date=\"2025-01-05 14:01:05\"><img loading=\"lazy\" decoding=\"async\" src=\"https:\/\/prepa-litteraire-chaptal.fr\/wp-content\/uploads\/2025\/01\/IMG_3590-1-scaled.jpg\" height=\"3000\" width=\"4000\" alt=\"\" class=\"slider-772 slide-775 msDefaultImage\" title=\"IMG_3590\" \/><div class=\"caption-wrap\"><div class=\"caption\">Ce que la Palestine apporte au monde, novembre 2023<\/div><\/div><\/li>\n            <\/ul>\n        <\/div>\n        \n    <\/div>\n<\/div><\/div>\n\n\n\n<div class=\"alignnormal\"><div id=\"metaslider-id-782\" style=\"width: 100%;\" class=\"ml-slider-3-100-1 metaslider metaslider-flex metaslider-782 ml-slider ms-theme-default-base nav-hidden nav-hidden nav-hidden\" role=\"region\" aria-label=\"Rencontres\" data-height=\"3000\" data-width=\"4000\">\n    <div id=\"metaslider_container_782\">\n        <div id=\"metaslider_782\">\n            <ul class='slides'>\n                <li style=\"display: block; width: 100%;\" class=\"slide-787 ms-image \" aria-roledescription=\"slide\" data-date=\"2025-01-05 14:06:48\"><img loading=\"lazy\" decoding=\"async\" src=\"https:\/\/prepa-litteraire-chaptal.fr\/wp-content\/uploads\/2025\/01\/IMG_5045-scaled.jpg\" height=\"3000\" width=\"4000\" alt=\"\" class=\"slider-782 slide-787 msDefaultImage\" title=\"IMG_5045\" \/><div class=\"caption-wrap\"><div class=\"caption\"><div>Rencontre avec Alexandre Olmedo, diplomate, juin 2024<\/div><\/div><\/div><\/li>\n                <li style=\"display: none; width: 100%;\" class=\"slide-783 ms-image \" aria-roledescription=\"slide\" data-date=\"2025-01-05 14:02:50\"><img loading=\"lazy\" decoding=\"async\" src=\"https:\/\/prepa-litteraire-chaptal.fr\/wp-content\/uploads\/2025\/01\/IMG_0443-scaled.jpg\" height=\"3000\" width=\"4000\" alt=\"\" class=\"slider-782 slide-783 msDefaultImage\" title=\"IMG_0443\" \/><div class=\"caption-wrap\"><div class=\"caption\"><div>Si\u00e8ge de Lib\u00e9ration, rencontre avec Thibaut Sardier, f\u00e9vrier 2023<\/div><\/div><\/div><\/li>\n            <\/ul>\n        <\/div>\n        \n    <\/div>\n<\/div><\/div>\n<\/div>\n<\/div>\n\n\n\n<div class=\"wp-block-columns is-layout-flex wp-container-core-columns-is-layout-9d6595d7 wp-block-columns-is-layout-flex\">\n<div class=\"wp-block-column is-layout-flow wp-block-column-is-layout-flow\" style=\"flex-basis:66.66%\">\n<h2 class=\"wp-block-heading\">Les voyages scolaires<\/h2>\n\n\n\n<ul class=\"wp-block-list\">\n<li>2026 : voyage de l&rsquo;hypokh\u00e2gne \u00e0 Berlin. <\/li>\n\n\n\n<li>2025 : voyage de l&rsquo;hypokh\u00e2gne \u00e0 Berlin. <\/li>\n\n\n\n<li>2024 : voyage des kh\u00e2gnes \u00e0 Bruxelles.<\/li>\n<\/ul>\n<\/div>\n\n\n\n<div class=\"wp-block-column is-layout-flow wp-block-column-is-layout-flow\" style=\"flex-basis:33.33%\">\n<div class=\"alignnormal\"><div id=\"metaslider-id-778\" style=\"width: 100%;\" class=\"ml-slider-3-100-1 metaslider metaslider-flex metaslider-778 ml-slider ms-theme-default-base nav-hidden nav-hidden nav-hidden nav-hidden\" role=\"region\" aria-label=\"Voyages\" data-height=\"3000\" data-width=\"4000\">\n    <div id=\"metaslider_container_778\">\n        <div id=\"metaslider_778\">\n            <ul class='slides'>\n                <li style=\"display: block; width: 100%;\" class=\"slide-779 ms-image \" aria-roledescription=\"slide\" data-date=\"2025-01-05 14:02:26\"><img loading=\"lazy\" decoding=\"async\" src=\"https:\/\/prepa-litteraire-chaptal.fr\/wp-content\/uploads\/2025\/01\/IMG_3940-scaled.jpg\" height=\"3000\" width=\"4000\" alt=\"\" class=\"slider-778 slide-779 msDefaultImage\" title=\"IMG_3940\" \/><div class=\"caption-wrap\"><div class=\"caption\">Bruxelles, janvier 2024<\/div><\/div><\/li>\n                <li style=\"display: none; width: 100%;\" class=\"slide-780 ms-image \" aria-roledescription=\"slide\" data-date=\"2025-01-05 14:02:26\"><img loading=\"lazy\" decoding=\"async\" src=\"https:\/\/prepa-litteraire-chaptal.fr\/wp-content\/uploads\/2025\/01\/IMG_3925-scaled.jpg\" height=\"3000\" width=\"4000\" alt=\"\" class=\"slider-778 slide-780 msDefaultImage\" title=\"IMG_3925\" \/><div class=\"caption-wrap\"><div class=\"caption\">Bruxelles, janvier 2024<\/div><\/div><\/li>\n                <li style=\"display: none; width: 100%;\" class=\"slide-781 ms-image \" aria-roledescription=\"slide\" data-date=\"2025-01-05 14:02:26\"><img loading=\"lazy\" decoding=\"async\" src=\"https:\/\/prepa-litteraire-chaptal.fr\/wp-content\/uploads\/2025\/01\/084e5d3e-b708-49b1-a9ef-1560dba924f4.jpg\" height=\"3000\" width=\"4000\" alt=\"\" class=\"slider-778 slide-781 msDefaultImage\" title=\"084e5d3e-b708-49b1-a9ef-1560dba924f4\" \/><div class=\"caption-wrap\"><div class=\"caption\">Bruxelles, janvier 2024<\/div><\/div><\/li>\n            <\/ul>\n        <\/div>\n        \n    <\/div>\n<\/div><\/div>\n<\/div>\n<\/div>\n","protected":false},"excerpt":{"rendered":"<p>Aussi bien en hypokh\u00e2gne qu&rsquo;en kh\u00e2gne, nous organisons des sorties. En hypokh\u00e2gne, la fin d&rsquo;ann\u00e9e est marqu\u00e9e par l&rsquo;organisation d&rsquo;un voyage scolaire, qui sera cette [&#8230;]<\/p>\n","protected":false},"author":1,"featured_media":0,"parent":0,"menu_order":0,"comment_status":"closed","ping_status":"closed","template":"","meta":{"footnotes":""},"class_list":["post-56","page","type-page","status-publish","hentry"],"_links":{"self":[{"href":"https:\/\/prepa-litteraire-chaptal.fr\/index.php\/wp-json\/wp\/v2\/pages\/56","targetHints":{"allow":["GET"]}}],"collection":[{"href":"https:\/\/prepa-litteraire-chaptal.fr\/index.php\/wp-json\/wp\/v2\/pages"}],"about":[{"href":"https:\/\/prepa-litteraire-chaptal.fr\/index.php\/wp-json\/wp\/v2\/types\/page"}],"author":[{"embeddable":true,"href":"https:\/\/prepa-litteraire-chaptal.fr\/index.php\/wp-json\/wp\/v2\/users\/1"}],"replies":[{"embeddable":true,"href":"https:\/\/prepa-litteraire-chaptal.fr\/index.php\/wp-json\/wp\/v2\/comments?post=56"}],"version-history":[{"count":14,"href":"https:\/\/prepa-litteraire-chaptal.fr\/index.php\/wp-json\/wp\/v2\/pages\/56\/revisions"}],"predecessor-version":[{"id":1176,"href":"https:\/\/prepa-litteraire-chaptal.fr\/index.php\/wp-json\/wp\/v2\/pages\/56\/revisions\/1176"}],"wp:attachment":[{"href":"https:\/\/prepa-litteraire-chaptal.fr\/index.php\/wp-json\/wp\/v2\/media?parent=56"}],"curies":[{"name":"wp","href":"https:\/\/api.w.org\/{rel}","templated":true}]}}